{"id":1946,"date":"2026-02-03T18:16:16","date_gmt":"2026-02-03T18:16:16","guid":{"rendered":"https:\/\/www.safecard.cl\/?page_id=1946"},"modified":"2026-02-03T18:39:40","modified_gmt":"2026-02-03T18:39:40","slug":"codigo-de-etica-y-conducta","status":"publish","type":"page","link":"https:\/\/www.safecard.cl\/en\/codigo-de-etica-y-conducta\/","title":{"rendered":"C\u00f3digo de \u00e9tica y conducta"},"content":{"rendered":"<div data-elementor-type=\"wp-page\" data-elementor-id=\"1946\" class=\"elementor elementor-1946\" data-elementor-post-type=\"page\">\n\t\t\t\t\t\t\t<div class=\"elementor-element elementor-element-b4b9b98 e-con-full e-flex e-con e-parent\" data-id=\"b4b9b98\" data-element_type=\"container\" data-settings=\"{&quot;content_width&quot;:&quot;full&quot;,&quot;background_background&quot;:&quot;classic&quot;}\" data-core-v316-plus=\"true\">\n\t\t<div class=\"elementor-element elementor-element-0965541 e-con-full e-flex e-con e-child\" data-id=\"0965541\" data-element_type=\"container\" data-settings=\"{&quot;content_width&quot;:&quot;full&quot;,&quot;background_background&quot;:&quot;classic&quot;}\">\n\t\t<div class=\"elementor-element elementor-element-a31cff5 e-con-full e-flex e-con e-child\" data-id=\"a31cff5\" data-element_type=\"container\" data-settings=\"{&quot;content_width&quot;:&quot;full&quot;,&quot;background_background&quot;:&quot;classic&quot;}\">\n\t\t\t\t<div class=\"elementor-element elementor-element-de2a726 elementor-view-default elementor-widget elementor-widget-icon\" data-id=\"de2a726\" data-element_type=\"widget\" data-widget_type=\"icon.default\">\n\t\t\t\t<div class=\"elementor-widget-container\">\n\t\t\t\t\t<div class=\"elementor-icon-wrapper\">\n\t\t\t<div class=\"elementor-icon\">\n\t\t\t<svg aria-hidden=\"true\" class=\"e-font-icon-svg e-far-bookmark\" viewbox=\"0 0 384 512\" xmlns=\"http:\/\/www.w3.org\/2000\/svg\"><path d=\"M336 0H48C21.49 0 0 21.49 0 48v464l192-112 192 112V48c0-26.51-21.49-48-48-48zm0 428.43l-144-84-144 84V54a6 6 0 0 1 6-6h276c3.314 0 6 2.683 6 5.996V428.43z\"><\/path><\/svg>\t\t\t<\/div>\n\t\t<\/div>\n\t\t\t\t<\/div>\n\t\t\t\t<\/div>\n\t\t\t\t<div class=\"elementor-element elementor-element-5bc8bd4 elementor-widget elementor-widget-heading\" data-id=\"5bc8bd4\" data-element_type=\"widget\" data-widget_type=\"heading.default\">\n\t\t\t\t<div class=\"elementor-widget-container\">\n\t\t\t<style>\/*! elementor - v3.18.0 - 20-12-2023 *\/\n.elementor-heading-title{padding:0;margin:0;line-height:1}.elementor-widget-heading .elementor-heading-title[class*=elementor-size-]>a{color:inherit;font-size:inherit;line-height:inherit}.elementor-widget-heading .elementor-heading-title.elementor-size-small{font-size:15px}.elementor-widget-heading .elementor-heading-title.elementor-size-medium{font-size:19px}.elementor-widget-heading .elementor-heading-title.elementor-size-large{font-size:29px}.elementor-widget-heading .elementor-heading-title.elementor-size-xl{font-size:39px}.elementor-widget-heading .elementor-heading-title.elementor-size-xxl{font-size:59px}<\/style><h1 class=\"elementor-heading-title elementor-size-default\">Conoce nuestro<br><span style=\"color: #FFFFFF;\"><b> C\u00f3digo de \u00c9tica y Conducta<\/b><\/span><\/h1>\t\t<\/div>\n\t\t\t\t<\/div>\n\t\t\t\t<div class=\"elementor-element elementor-element-029e087 elementor-widget elementor-widget-text-editor\" data-id=\"029e087\" data-element_type=\"widget\" data-widget_type=\"text-editor.default\">\n\t\t\t\t<div class=\"elementor-widget-container\">\n\t\t\t<style>\/*! elementor - v3.18.0 - 20-12-2023 *\/\n.elementor-widget-text-editor.elementor-drop-cap-view-stacked .elementor-drop-cap{background-color:#69727d;color:#fff}.elementor-widget-text-editor.elementor-drop-cap-view-framed .elementor-drop-cap{color:#69727d;border:3px solid;background-color:transparent}.elementor-widget-text-editor:not(.elementor-drop-cap-view-default) .elementor-drop-cap{margin-top:8px}.elementor-widget-text-editor:not(.elementor-drop-cap-view-default) .elementor-drop-cap-letter{width:1em;height:1em}.elementor-widget-text-editor .elementor-drop-cap{float:left;text-align:center;line-height:1;font-size:50px}.elementor-widget-text-editor .elementor-drop-cap-letter{display:inline-block}<\/style>\t\t\t\t<p data-start=\"160\" data-end=\"455\">En Safecard trabajamos con altos est\u00e1ndares de integridad, responsabilidad y respeto hacia nuestros clientes, usuarios y colaboradores. Nuestro <strong data-start=\"304\" data-end=\"334\">C\u00f3digo de \u00c9tica y Conducta<\/strong> establece los principios que gu\u00edan nuestro actuar diario y el compromiso con una operaci\u00f3n segura, transparente y \u00e9tica.<\/p><p data-start=\"457\" data-end=\"568\">Te invitamos a descargar el documento completo para conocer m\u00e1s sobre nuestros valores y lineamientos internos.<\/p>\t\t\t\t\t\t<\/div>\n\t\t\t\t<\/div>\n\t\t\t\t<div class=\"elementor-element elementor-element-d503c5a elementor-tablet-align-center elementor-mobile-align-center elementor-widget elementor-widget-button\" data-id=\"d503c5a\" data-element_type=\"widget\" data-widget_type=\"button.default\">\n\t\t\t\t<div class=\"elementor-widget-container\">\n\t\t\t\t\t<div class=\"elementor-button-wrapper\">\n\t\t\t<a class=\"elementor-button elementor-button-link elementor-size-sm\" href=\"https:\/\/www.safecard.cl\/wp-content\/uploads\/2026\/02\/Safecard_CodigodeConducta.pdf\" target=\"_blank\">\n\t\t\t\t\t\t<span class=\"elementor-button-content-wrapper\">\n\t\t\t\t\t\t<span class=\"elementor-button-text\">Descargar C\u00f3digo de \u00c9tica y Conducta<\/span>\n\t\t<\/span>\n\t\t\t\t\t<\/a>\n\t\t<\/div>\n\t\t\t\t<\/div>\n\t\t\t\t<\/div>\n\t\t\t\t<div class=\"elementor-element elementor-element-d15cb85 elementor-widget-divider--view-line elementor-widget elementor-widget-divider\" data-id=\"d15cb85\" data-element_type=\"widget\" data-widget_type=\"divider.default\">\n\t\t\t\t<div class=\"elementor-widget-container\">\n\t\t\t<style>\/*! elementor - v3.18.0 - 20-12-2023 *\/\n.elementor-widget-divider{--divider-border-style:none;--divider-border-width:1px;--divider-color:#0c0d0e;--divider-icon-size:20px;--divider-element-spacing:10px;--divider-pattern-height:24px;--divider-pattern-size:20px;--divider-pattern-url:none;--divider-pattern-repeat:repeat-x}.elementor-widget-divider .elementor-divider{display:flex}.elementor-widget-divider .elementor-divider__text{font-size:15px;line-height:1;max-width:95%}.elementor-widget-divider .elementor-divider__element{margin:0 var(--divider-element-spacing);flex-shrink:0}.elementor-widget-divider .elementor-icon{font-size:var(--divider-icon-size)}.elementor-widget-divider .elementor-divider-separator{display:flex;margin:0;direction:ltr}.elementor-widget-divider--view-line_icon .elementor-divider-separator,.elementor-widget-divider--view-line_text .elementor-divider-separator{align-items:center}.elementor-widget-divider--view-line_icon .elementor-divider-separator:after,.elementor-widget-divider--view-line_icon .elementor-divider-separator:before,.elementor-widget-divider--view-line_text .elementor-divider-separator:after,.elementor-widget-divider--view-line_text .elementor-divider-separator:before{display:block;content:\"\";border-bottom:0;flex-grow:1;border-top:var(--divider-border-width) var(--divider-border-style) var(--divider-color)}.elementor-widget-divider--element-align-left .elementor-divider .elementor-divider-separator>.elementor-divider__svg:first-of-type{flex-grow:0;flex-shrink:100}.elementor-widget-divider--element-align-left .elementor-divider-separator:before{content:none}.elementor-widget-divider--element-align-left .elementor-divider__element{margin-left:0}.elementor-widget-divider--element-align-right .elementor-divider .elementor-divider-separator>.elementor-divider__svg:last-of-type{flex-grow:0;flex-shrink:100}.elementor-widget-divider--element-align-right .elementor-divider-separator:after{content:none}.elementor-widget-divider--element-align-right .elementor-divider__element{margin-right:0}.elementor-widget-divider:not(.elementor-widget-divider--view-line_text):not(.elementor-widget-divider--view-line_icon) .elementor-divider-separator{border-top:var(--divider-border-width) var(--divider-border-style) var(--divider-color)}.elementor-widget-divider--separator-type-pattern{--divider-border-style:none}.elementor-widget-divider--separator-type-pattern.elementor-widget-divider--view-line .elementor-divider-separator,.elementor-widget-divider--separator-type-pattern:not(.elementor-widget-divider--view-line) .elementor-divider-separator:after,.elementor-widget-divider--separator-type-pattern:not(.elementor-widget-divider--view-line) .elementor-divider-separator:before,.elementor-widget-divider--separator-type-pattern:not([class*=elementor-widget-divider--view]) .elementor-divider-separator{width:100%;min-height:var(--divider-pattern-height);-webkit-mask-size:var(--divider-pattern-size) 100%;mask-size:var(--divider-pattern-size) 100%;-webkit-mask-repeat:var(--divider-pattern-repeat);mask-repeat:var(--divider-pattern-repeat);background-color:var(--divider-color);-webkit-mask-image:var(--divider-pattern-url);mask-image:var(--divider-pattern-url)}.elementor-widget-divider--no-spacing{--divider-pattern-size:auto}.elementor-widget-divider--bg-round{--divider-pattern-repeat:round}.rtl .elementor-widget-divider .elementor-divider__text{direction:rtl}.e-con-inner>.elementor-widget-divider,.e-con>.elementor-widget-divider{width:var(--container-widget-width,100%);--flex-grow:var(--container-widget-flex-grow)}<\/style>\t\t<div class=\"elementor-divider\">\n\t\t\t<span class=\"elementor-divider-separator\">\n\t\t\t\t\t\t<\/span>\n\t\t<\/div>\n\t\t\t\t<\/div>\n\t\t\t\t<\/div>\n\t\t\t\t<div class=\"elementor-element elementor-element-7eb4149 elementor-widget elementor-widget-text-editor\" data-id=\"7eb4149\" data-element_type=\"widget\" data-widget_type=\"text-editor.default\">\n\t\t\t\t<div class=\"elementor-widget-container\">\n\t\t\t\t\t\t\t<p><strong>\u00bfTienes alguna inquietud o necesitas realizar una denuncia? <\/strong><\/p><p>Puedes hacerlo a trav\u00e9s de nuestro canal oficial de soporte.<\/p>\t\t\t\t\t\t<\/div>\n\t\t\t\t<\/div>\n\t\t\t\t<div class=\"elementor-element elementor-element-f12c2d7 elementor-tablet-align-center elementor-mobile-align-center elementor-widget elementor-widget-button\" data-id=\"f12c2d7\" data-element_type=\"widget\" data-widget_type=\"button.default\">\n\t\t\t\t<div class=\"elementor-widget-container\">\n\t\t\t\t\t<div class=\"elementor-button-wrapper\">\n\t\t\t<a class=\"elementor-button elementor-button-link elementor-size-sm\" href=\"https:\/\/www.safecard.cl\/en\/soporte\/\">\n\t\t\t\t\t\t<span class=\"elementor-button-content-wrapper\">\n\t\t\t\t\t\t<span class=\"elementor-button-text\">Ir a Soporte<\/span>\n\t\t<\/span>\n\t\t\t\t\t<\/a>\n\t\t<\/div>\n\t\t\t\t<\/div>\n\t\t\t\t<\/div>\n\t\t\t\t<\/div>\n\t\t<div class=\"elementor-element elementor-element-4bd9984 e-con-full e-flex e-con e-child\" data-id=\"4bd9984\" data-element_type=\"container\" data-settings=\"{&quot;content_width&quot;:&quot;full&quot;,&quot;background_background&quot;:&quot;classic&quot;}\">\n\t\t\t\t<\/div>\n\t\t\t\t<\/div>\n\t\t\t\t<\/div>\n\t\t\t\t\t\t\t<\/div>","protected":false},"excerpt":{"rendered":"<p>Conoce nuestro C\u00f3digo de \u00c9tica y Conducta En Safecard trabajamos con altos est\u00e1ndares de integridad, responsabilidad y respeto hacia nuestros clientes, usuarios y colaboradores. Nuestro C\u00f3digo de \u00c9tica y Conducta establece los principios que gu\u00edan nuestro actuar diario y el compromiso con una operaci\u00f3n segura, transparente y \u00e9tica. Te invitamos a descargar el documento completo [&hellip;]<\/p>","protected":false},"author":2,"featured_media":0,"parent":0,"menu_order":0,"comment_status":"closed","ping_status":"closed","template":"","meta":{"footnotes":""},"yoast_head":"<!-- This site is optimized with the Yoast SEO plugin v21.8 - https:\/\/yoast.com\/wordpress\/plugins\/seo\/ -->\n<title>C\u00f3digo de \u00e9tica y conducta - SAFECARD<\/title>\n<meta name=\"robots\" content=\"index, follow, max-snippet:-1, max-image-preview:large, max-video-preview:-1\" \/>\n<link rel=\"canonical\" href=\"https:\/\/www.safecard.cl\/en\/codigo-de-etica-y-conducta\/\" \/>\n<meta property=\"og:locale\" content=\"en_US\" \/>\n<meta property=\"og:type\" content=\"article\" \/>\n<meta property=\"og:title\" content=\"C\u00f3digo de \u00e9tica y conducta - SAFECARD\" \/>\n<meta property=\"og:description\" content=\"Conoce nuestro C\u00f3digo de \u00c9tica y Conducta En Safecard trabajamos con altos est\u00e1ndares de integridad, responsabilidad y respeto hacia nuestros clientes, usuarios y colaboradores. Nuestro C\u00f3digo de \u00c9tica y Conducta establece los principios que gu\u00edan nuestro actuar diario y el compromiso con una operaci\u00f3n segura, transparente y \u00e9tica. Te invitamos a descargar el documento completo [&hellip;]\" \/>\n<meta property=\"og:url\" content=\"https:\/\/www.safecard.cl\/en\/codigo-de-etica-y-conducta\/\" \/>\n<meta property=\"og:site_name\" content=\"SAFECARD\" \/>\n<meta property=\"article:modified_time\" content=\"2026-02-03T18:39:40+00:00\" \/>\n<meta name=\"twitter:card\" content=\"summary_large_image\" \/>\n<meta name=\"twitter:label1\" content=\"Est. reading time\" \/>\n\t<meta name=\"twitter:data1\" content=\"1 minute\" \/>\n<script type=\"application\/ld+json\" class=\"yoast-schema-graph\">{\"@context\":\"https:\/\/schema.org\",\"@graph\":[{\"@type\":\"WebPage\",\"@id\":\"https:\/\/www.safecard.cl\/codigo-de-etica-y-conducta\/\",\"url\":\"https:\/\/www.safecard.cl\/codigo-de-etica-y-conducta\/\",\"name\":\"C\u00f3digo de \u00e9tica y conducta - SAFECARD\",\"isPartOf\":{\"@id\":\"https:\/\/www.safecard.cl\/#website\"},\"datePublished\":\"2026-02-03T18:16:16+00:00\",\"dateModified\":\"2026-02-03T18:39:40+00:00\",\"breadcrumb\":{\"@id\":\"https:\/\/www.safecard.cl\/codigo-de-etica-y-conducta\/#breadcrumb\"},\"inLanguage\":\"en-US\",\"potentialAction\":[{\"@type\":\"ReadAction\",\"target\":[\"https:\/\/www.safecard.cl\/codigo-de-etica-y-conducta\/\"]}]},{\"@type\":\"BreadcrumbList\",\"@id\":\"https:\/\/www.safecard.cl\/codigo-de-etica-y-conducta\/#breadcrumb\",\"itemListElement\":[{\"@type\":\"ListItem\",\"position\":1,\"name\":\"Portada\",\"item\":\"https:\/\/www.safecard.cl\/\"},{\"@type\":\"ListItem\",\"position\":2,\"name\":\"C\u00f3digo de \u00e9tica y conducta\"}]},{\"@type\":\"WebSite\",\"@id\":\"https:\/\/www.safecard.cl\/#website\",\"url\":\"https:\/\/www.safecard.cl\/\",\"name\":\"SAFECARD\",\"description\":\"Gesti\u00f3n Integral de Accesos para Recintos\",\"publisher\":{\"@id\":\"https:\/\/www.safecard.cl\/#organization\"},\"potentialAction\":[{\"@type\":\"SearchAction\",\"target\":{\"@type\":\"EntryPoint\",\"urlTemplate\":\"https:\/\/www.safecard.cl\/?s={search_term_string}\"},\"query-input\":\"required name=search_term_string\"}],\"inLanguage\":\"en-US\"},{\"@type\":\"Organization\",\"@id\":\"https:\/\/www.safecard.cl\/#organization\",\"name\":\"SAFECARD\",\"url\":\"https:\/\/www.safecard.cl\/\",\"logo\":{\"@type\":\"ImageObject\",\"inLanguage\":\"en-US\",\"@id\":\"https:\/\/www.safecard.cl\/#\/schema\/logo\/image\/\",\"url\":\"https:\/\/www.safecard.cl\/wp-content\/uploads\/2024\/01\/Safecard_Logo_blanco.png\",\"contentUrl\":\"https:\/\/www.safecard.cl\/wp-content\/uploads\/2024\/01\/Safecard_Logo_blanco.png\",\"width\":500,\"height\":143,\"caption\":\"SAFECARD\"},\"image\":{\"@id\":\"https:\/\/www.safecard.cl\/#\/schema\/logo\/image\/\"}}]}<\/script>\n<!-- \/ Yoast SEO plugin. -->","yoast_head_json":{"title":"C\u00f3digo de \u00e9tica y conducta - SAFECARD","robots":{"index":"index","follow":"follow","max-snippet":"max-snippet:-1","max-image-preview":"max-image-preview:large","max-video-preview":"max-video-preview:-1"},"canonical":"https:\/\/www.safecard.cl\/en\/codigo-de-etica-y-conducta\/","og_locale":"en_US","og_type":"article","og_title":"C\u00f3digo de \u00e9tica y conducta - SAFECARD","og_description":"Conoce nuestro C\u00f3digo de \u00c9tica y Conducta En Safecard trabajamos con altos est\u00e1ndares de integridad, responsabilidad y respeto hacia nuestros clientes, usuarios y colaboradores. Nuestro C\u00f3digo de \u00c9tica y Conducta establece los principios que gu\u00edan nuestro actuar diario y el compromiso con una operaci\u00f3n segura, transparente y \u00e9tica. Te invitamos a descargar el documento completo [&hellip;]","og_url":"https:\/\/www.safecard.cl\/en\/codigo-de-etica-y-conducta\/","og_site_name":"SAFECARD","article_modified_time":"2026-02-03T18:39:40+00:00","twitter_card":"summary_large_image","twitter_misc":{"Est. reading time":"1 minute"},"schema":{"@context":"https:\/\/schema.org","@graph":[{"@type":"WebPage","@id":"https:\/\/www.safecard.cl\/codigo-de-etica-y-conducta\/","url":"https:\/\/www.safecard.cl\/codigo-de-etica-y-conducta\/","name":"C\u00f3digo de \u00e9tica y conducta - SAFECARD","isPartOf":{"@id":"https:\/\/www.safecard.cl\/#website"},"datePublished":"2026-02-03T18:16:16+00:00","dateModified":"2026-02-03T18:39:40+00:00","breadcrumb":{"@id":"https:\/\/www.safecard.cl\/codigo-de-etica-y-conducta\/#breadcrumb"},"inLanguage":"en-US","potentialAction":[{"@type":"ReadAction","target":["https:\/\/www.safecard.cl\/codigo-de-etica-y-conducta\/"]}]},{"@type":"BreadcrumbList","@id":"https:\/\/www.safecard.cl\/codigo-de-etica-y-conducta\/#breadcrumb","itemListElement":[{"@type":"ListItem","position":1,"name":"Portada","item":"https:\/\/www.safecard.cl\/"},{"@type":"ListItem","position":2,"name":"C\u00f3digo de \u00e9tica y conducta"}]},{"@type":"WebSite","@id":"https:\/\/www.safecard.cl\/#website","url":"https:\/\/www.safecard.cl\/","name":"SAFECARD","description":"Gesti\u00f3n Integral de Accesos para Recintos","publisher":{"@id":"https:\/\/www.safecard.cl\/#organization"},"potentialAction":[{"@type":"SearchAction","target":{"@type":"EntryPoint","urlTemplate":"https:\/\/www.safecard.cl\/?s={search_term_string}"},"query-input":"required name=search_term_string"}],"inLanguage":"en-US"},{"@type":"Organization","@id":"https:\/\/www.safecard.cl\/#organization","name":"SAFECARD","url":"https:\/\/www.safecard.cl\/","logo":{"@type":"ImageObject","inLanguage":"en-US","@id":"https:\/\/www.safecard.cl\/#\/schema\/logo\/image\/","url":"https:\/\/www.safecard.cl\/wp-content\/uploads\/2024\/01\/Safecard_Logo_blanco.png","contentUrl":"https:\/\/www.safecard.cl\/wp-content\/uploads\/2024\/01\/Safecard_Logo_blanco.png","width":500,"height":143,"caption":"SAFECARD"},"image":{"@id":"https:\/\/www.safecard.cl\/#\/schema\/logo\/image\/"}}]}},"_links":{"self":[{"href":"https:\/\/www.safecard.cl\/en\/wp-json\/wp\/v2\/pages\/1946"}],"collection":[{"href":"https:\/\/www.safecard.cl\/en\/wp-json\/wp\/v2\/pages"}],"about":[{"href":"https:\/\/www.safecard.cl\/en\/wp-json\/wp\/v2\/types\/page"}],"author":[{"embeddable":true,"href":"https:\/\/www.safecard.cl\/en\/wp-json\/wp\/v2\/users\/2"}],"replies":[{"embeddable":true,"href":"https:\/\/www.safecard.cl\/en\/wp-json\/wp\/v2\/comments?post=1946"}],"version-history":[{"count":13,"href":"https:\/\/www.safecard.cl\/en\/wp-json\/wp\/v2\/pages\/1946\/revisions"}],"predecessor-version":[{"id":1964,"href":"https:\/\/www.safecard.cl\/en\/wp-json\/wp\/v2\/pages\/1946\/revisions\/1964"}],"wp:attachment":[{"href":"https:\/\/www.safecard.cl\/en\/wp-json\/wp\/v2\/media?parent=1946"}],"curies":[{"name":"wp","href":"https:\/\/api.w.org\/{rel}","templated":true}]}}