{"id":592,"date":"2024-03-15T09:57:18","date_gmt":"2024-03-15T09:57:18","guid":{"rendered":"https:\/\/www.safecard.cl\/?page_id=592"},"modified":"2025-11-18T13:21:24","modified_gmt":"2025-11-18T13:21:24","slug":"soporte","status":"publish","type":"page","link":"https:\/\/www.safecard.cl\/en\/soporte\/","title":{"rendered":"Support"},"content":{"rendered":"<div data-elementor-type=\"wp-page\" data-elementor-id=\"592\" class=\"elementor elementor-592\" data-elementor-post-type=\"page\">\n\t\t\t\t\t\t\t<div class=\"elementor-element elementor-element-117cd99 e-con-full e-flex e-con e-parent\" data-id=\"117cd99\" data-element_type=\"container\" data-settings=\"{&quot;content_width&quot;:&quot;full&quot;,&quot;background_background&quot;:&quot;classic&quot;}\" data-core-v316-plus=\"true\">\n\t\t<div class=\"elementor-element elementor-element-3985c72 e-con-full e-flex e-con e-child\" data-id=\"3985c72\" data-element_type=\"container\" data-settings=\"{&quot;content_width&quot;:&quot;full&quot;,&quot;background_background&quot;:&quot;classic&quot;}\">\n\t\t<div class=\"elementor-element elementor-element-bd5d567 e-con-full e-flex e-con e-child\" data-id=\"bd5d567\" data-element_type=\"container\" data-settings=\"{&quot;content_width&quot;:&quot;full&quot;,&quot;background_background&quot;:&quot;classic&quot;}\">\n\t\t\t\t<div class=\"elementor-element elementor-element-72aeab5 elementor-view-default elementor-widget elementor-widget-icon\" data-id=\"72aeab5\" data-element_type=\"widget\" data-widget_type=\"icon.default\">\n\t\t\t\t<div class=\"elementor-widget-container\">\n\t\t\t\t\t<div class=\"elementor-icon-wrapper\">\n\t\t\t<div class=\"elementor-icon\">\n\t\t\t<svg aria-hidden=\"true\" class=\"e-font-icon-svg e-far-envelope-open\" viewbox=\"0 0 512 512\" xmlns=\"http:\/\/www.w3.org\/2000\/svg\"><path d=\"M494.586 164.516c-4.697-3.883-111.723-89.95-135.251-108.657C337.231 38.191 299.437 0 256 0c-43.205 0-80.636 37.717-103.335 55.859-24.463 19.45-131.07 105.195-135.15 108.549A48.004 48.004 0 0 0 0 201.485V464c0 26.51 21.49 48 48 48h416c26.51 0 48-21.49 48-48V201.509a48 48 0 0 0-17.414-36.993zM464 458a6 6 0 0 1-6 6H54a6 6 0 0 1-6-6V204.347c0-1.813.816-3.526 2.226-4.665 15.87-12.814 108.793-87.554 132.364-106.293C200.755 78.88 232.398 48 256 48c23.693 0 55.857 31.369 73.41 45.389 23.573 18.741 116.503 93.493 132.366 106.316a5.99 5.99 0 0 1 2.224 4.663V458zm-31.991-187.704c4.249 5.159 3.465 12.795-1.745 16.981-28.975 23.283-59.274 47.597-70.929 56.863C336.636 362.283 299.205 400 256 400c-43.452 0-81.287-38.237-103.335-55.86-11.279-8.967-41.744-33.413-70.927-56.865-5.21-4.187-5.993-11.822-1.745-16.981l15.258-18.528c4.178-5.073 11.657-5.843 16.779-1.726 28.618 23.001 58.566 47.035 70.56 56.571C200.143 320.631 232.307 352 256 352c23.602 0 55.246-30.88 73.41-45.389 11.994-9.535 41.944-33.57 70.563-56.568 5.122-4.116 12.601-3.346 16.778 1.727l15.258 18.526z\"><\/path><\/svg>\t\t\t<\/div>\n\t\t<\/div>\n\t\t\t\t<\/div>\n\t\t\t\t<\/div>\n\t\t\t\t<div class=\"elementor-element elementor-element-a1a065b elementor-widget elementor-widget-heading\" data-id=\"a1a065b\" data-element_type=\"widget\" data-widget_type=\"heading.default\">\n\t\t\t\t<div class=\"elementor-widget-container\">\n\t\t\t<style>\/*! elementor - v3.18.0 - 20-12-2023 *\/\n.elementor-heading-title{padding:0;margin:0;line-height:1}.elementor-widget-heading .elementor-heading-title[class*=elementor-size-]>a{color:inherit;font-size:inherit;line-height:inherit}.elementor-widget-heading .elementor-heading-title.elementor-size-small{font-size:15px}.elementor-widget-heading .elementor-heading-title.elementor-size-medium{font-size:19px}.elementor-widget-heading .elementor-heading-title.elementor-size-large{font-size:29px}.elementor-widget-heading .elementor-heading-title.elementor-size-xl{font-size:39px}.elementor-widget-heading .elementor-heading-title.elementor-size-xxl{font-size:59px}<\/style><h1 class=\"elementor-heading-title elementor-size-default\">Estamos aqu\u00ed para ayudarte: <span style=\"color: #FFFFFF;\"><b>Contact us<\/b><\/span><\/h1>\t\t<\/div>\n\t\t\t\t<\/div>\n\t\t\t\t<div class=\"elementor-element elementor-element-c7a715d elementor-widget elementor-widget-text-editor\" data-id=\"c7a715d\" data-element_type=\"widget\" data-widget_type=\"text-editor.default\">\n\t\t\t\t<div class=\"elementor-widget-container\">\n\t\t\t<style>\/*! elementor - v3.18.0 - 20-12-2023 *\/\n.elementor-widget-text-editor.elementor-drop-cap-view-stacked .elementor-drop-cap{background-color:#69727d;color:#fff}.elementor-widget-text-editor.elementor-drop-cap-view-framed .elementor-drop-cap{color:#69727d;border:3px solid;background-color:transparent}.elementor-widget-text-editor:not(.elementor-drop-cap-view-default) .elementor-drop-cap{margin-top:8px}.elementor-widget-text-editor:not(.elementor-drop-cap-view-default) .elementor-drop-cap-letter{width:1em;height:1em}.elementor-widget-text-editor .elementor-drop-cap{float:left;text-align:center;line-height:1;font-size:50px}.elementor-widget-text-editor .elementor-drop-cap-letter{display:inline-block}<\/style>\t\t\t\t<p>Si tienes preguntas o necesitas asistencia, no dudes en contactarnos.<\/p><p>Completa el formulario y nuestro equipo de soporte se pondr\u00e1 en contacto contigo lo antes posible.<\/p><p><strong>\u00a1Estamos disponibles para resolver todas tus dudas!<\/strong><\/p>\t\t\t\t\t\t<\/div>\n\t\t\t\t<\/div>\n\t\t\t\t<div class=\"elementor-element elementor-element-545970b elementor-widget-divider--view-line elementor-widget elementor-widget-divider\" data-id=\"545970b\" data-element_type=\"widget\" data-widget_type=\"divider.default\">\n\t\t\t\t<div class=\"elementor-widget-container\">\n\t\t\t<style>\/*! elementor - v3.18.0 - 20-12-2023 *\/\n.elementor-widget-divider{--divider-border-style:none;--divider-border-width:1px;--divider-color:#0c0d0e;--divider-icon-size:20px;--divider-element-spacing:10px;--divider-pattern-height:24px;--divider-pattern-size:20px;--divider-pattern-url:none;--divider-pattern-repeat:repeat-x}.elementor-widget-divider .elementor-divider{display:flex}.elementor-widget-divider .elementor-divider__text{font-size:15px;line-height:1;max-width:95%}.elementor-widget-divider .elementor-divider__element{margin:0 var(--divider-element-spacing);flex-shrink:0}.elementor-widget-divider .elementor-icon{font-size:var(--divider-icon-size)}.elementor-widget-divider .elementor-divider-separator{display:flex;margin:0;direction:ltr}.elementor-widget-divider--view-line_icon .elementor-divider-separator,.elementor-widget-divider--view-line_text .elementor-divider-separator{align-items:center}.elementor-widget-divider--view-line_icon .elementor-divider-separator:after,.elementor-widget-divider--view-line_icon .elementor-divider-separator:before,.elementor-widget-divider--view-line_text .elementor-divider-separator:after,.elementor-widget-divider--view-line_text .elementor-divider-separator:before{display:block;content:\"\";border-bottom:0;flex-grow:1;border-top:var(--divider-border-width) var(--divider-border-style) var(--divider-color)}.elementor-widget-divider--element-align-left .elementor-divider .elementor-divider-separator>.elementor-divider__svg:first-of-type{flex-grow:0;flex-shrink:100}.elementor-widget-divider--element-align-left .elementor-divider-separator:before{content:none}.elementor-widget-divider--element-align-left .elementor-divider__element{margin-left:0}.elementor-widget-divider--element-align-right .elementor-divider .elementor-divider-separator>.elementor-divider__svg:last-of-type{flex-grow:0;flex-shrink:100}.elementor-widget-divider--element-align-right .elementor-divider-separator:after{content:none}.elementor-widget-divider--element-align-right .elementor-divider__element{margin-right:0}.elementor-widget-divider:not(.elementor-widget-divider--view-line_text):not(.elementor-widget-divider--view-line_icon) .elementor-divider-separator{border-top:var(--divider-border-width) var(--divider-border-style) var(--divider-color)}.elementor-widget-divider--separator-type-pattern{--divider-border-style:none}.elementor-widget-divider--separator-type-pattern.elementor-widget-divider--view-line .elementor-divider-separator,.elementor-widget-divider--separator-type-pattern:not(.elementor-widget-divider--view-line) .elementor-divider-separator:after,.elementor-widget-divider--separator-type-pattern:not(.elementor-widget-divider--view-line) .elementor-divider-separator:before,.elementor-widget-divider--separator-type-pattern:not([class*=elementor-widget-divider--view]) .elementor-divider-separator{width:100%;min-height:var(--divider-pattern-height);-webkit-mask-size:var(--divider-pattern-size) 100%;mask-size:var(--divider-pattern-size) 100%;-webkit-mask-repeat:var(--divider-pattern-repeat);mask-repeat:var(--divider-pattern-repeat);background-color:var(--divider-color);-webkit-mask-image:var(--divider-pattern-url);mask-image:var(--divider-pattern-url)}.elementor-widget-divider--no-spacing{--divider-pattern-size:auto}.elementor-widget-divider--bg-round{--divider-pattern-repeat:round}.rtl .elementor-widget-divider .elementor-divider__text{direction:rtl}.e-con-inner>.elementor-widget-divider,.e-con>.elementor-widget-divider{width:var(--container-widget-width,100%);--flex-grow:var(--container-widget-flex-grow)}<\/style>\t\t<div class=\"elementor-divider\">\n\t\t\t<span class=\"elementor-divider-separator\">\n\t\t\t\t\t\t<\/span>\n\t\t<\/div>\n\t\t\t\t<\/div>\n\t\t\t\t<\/div>\n\t\t\t\t<div class=\"elementor-element elementor-element-a571104 elementor-widget elementor-widget-text-editor\" data-id=\"a571104\" data-element_type=\"widget\" data-widget_type=\"text-editor.default\">\n\t\t\t\t<div class=\"elementor-widget-container\">\n\t\t\t\t\t\t\t<p>Para aclarar dudas comunes y aprender m\u00e1s sobre c\u00f3mo utilizar nuestros servicios, visita nuestra secci\u00f3n de <strong>FAQ<\/strong>. Ah\u00ed encontrar\u00e1s gu\u00edas detalladas y respuestas r\u00e1pidas para ayudarte en todo momento.<\/p>\t\t\t\t\t\t<\/div>\n\t\t\t\t<\/div>\n\t\t\t\t<div class=\"elementor-element elementor-element-d42e301 elementor-tablet-align-center elementor-mobile-align-center elementor-widget elementor-widget-button\" data-id=\"d42e301\" data-element_type=\"widget\" data-widget_type=\"button.default\">\n\t\t\t\t<div class=\"elementor-widget-container\">\n\t\t\t\t\t<div class=\"elementor-button-wrapper\">\n\t\t\t<a class=\"elementor-button elementor-button-link elementor-size-sm\" href=\"https:\/\/www.safecard.cl\/en\/soporte\/\">\n\t\t\t\t\t\t<span class=\"elementor-button-content-wrapper\">\n\t\t\t\t\t\t<span class=\"elementor-button-text\">Ir a Preguntas Frecuentes<\/span>\n\t\t<\/span>\n\t\t\t\t\t<\/a>\n\t\t<\/div>\n\t\t\t\t<\/div>\n\t\t\t\t<\/div>\n\t\t\t\t<\/div>\n\t\t<div class=\"elementor-element elementor-element-45d4d55 e-con-full e-flex e-con e-child\" data-id=\"45d4d55\" data-element_type=\"container\" data-settings=\"{&quot;content_width&quot;:&quot;full&quot;,&quot;background_background&quot;:&quot;classic&quot;}\">\n\t\t\t\t<div class=\"elementor-element elementor-element-960b4e2 elementor-widget__width-inherit elementor-widget elementor-widget-html\" data-id=\"960b4e2\" data-element_type=\"widget\" data-widget_type=\"html.default\">\n\t\t\t\t<div class=\"elementor-widget-container\">\n\t\t\t<iframe aria-label='Quote with us' frameborder=\"0\" style=\"height:600px;width:99%;border:none;\" src='https:\/\/forms.zohopublic.com\/safecardaccesstechnologies\/form\/Soporte\/formperma\/kWtwT26mxfW9TFQ9MxlT2h008Hv5pSeeZPAxsAiUohI'><\/iframe>\n\t\t<\/div>\n\t\t\t\t<\/div>\n\t\t\t\t<\/div>\n\t\t\t\t<\/div>\n\t\t\t\t<\/div>\n\t\t\t\t\t\t\t<\/div>","protected":false},"excerpt":{"rendered":"<p>Estamos aqu\u00ed para ayudarte: Cont\u00e1ctanos Si tienes preguntas o necesitas asistencia, no dudes en contactarnos. Completa el formulario y nuestro equipo de soporte se pondr\u00e1 en contacto contigo lo antes posible. \u00a1Estamos disponibles para resolver todas tus dudas! Para aclarar dudas comunes y aprender m\u00e1s sobre c\u00f3mo utilizar nuestros servicios, visita nuestra secci\u00f3n de Preguntas [&hellip;]<\/p>","protected":false},"author":1,"featured_media":0,"parent":0,"menu_order":0,"comment_status":"closed","ping_status":"closed","template":"","meta":{"footnotes":""},"yoast_head":"<!-- This site is optimized with the Yoast SEO plugin v21.8 - https:\/\/yoast.com\/wordpress\/plugins\/seo\/ -->\n<title>Soporte - SAFECARD<\/title>\n<meta name=\"robots\" content=\"index, follow, max-snippet:-1, max-image-preview:large, max-video-preview:-1\" \/>\n<link rel=\"canonical\" href=\"https:\/\/www.safecard.cl\/en\/soporte\/\" \/>\n<meta property=\"og:locale\" content=\"en_US\" \/>\n<meta property=\"og:type\" content=\"article\" \/>\n<meta property=\"og:title\" content=\"Soporte - SAFECARD\" \/>\n<meta property=\"og:description\" content=\"Estamos aqu\u00ed para ayudarte: Cont\u00e1ctanos Si tienes preguntas o necesitas asistencia, no dudes en contactarnos. Completa el formulario y nuestro equipo de soporte se pondr\u00e1 en contacto contigo lo antes posible. \u00a1Estamos disponibles para resolver todas tus dudas! Para aclarar dudas comunes y aprender m\u00e1s sobre c\u00f3mo utilizar nuestros servicios, visita nuestra secci\u00f3n de Preguntas [&hellip;]\" \/>\n<meta property=\"og:url\" content=\"https:\/\/www.safecard.cl\/en\/soporte\/\" \/>\n<meta property=\"og:site_name\" content=\"SAFECARD\" \/>\n<meta property=\"article:modified_time\" content=\"2025-11-18T13:21:24+00:00\" \/>\n<meta name=\"twitter:card\" content=\"summary_large_image\" \/>\n<meta name=\"twitter:label1\" content=\"Est. reading time\" \/>\n\t<meta name=\"twitter:data1\" content=\"1 minute\" \/>\n<script type=\"application\/ld+json\" class=\"yoast-schema-graph\">{\"@context\":\"https:\/\/schema.org\",\"@graph\":[{\"@type\":\"WebPage\",\"@id\":\"https:\/\/www.safecard.cl\/soporte\/\",\"url\":\"https:\/\/www.safecard.cl\/soporte\/\",\"name\":\"Soporte - SAFECARD\",\"isPartOf\":{\"@id\":\"https:\/\/www.safecard.cl\/#website\"},\"datePublished\":\"2024-03-15T09:57:18+00:00\",\"dateModified\":\"2025-11-18T13:21:24+00:00\",\"breadcrumb\":{\"@id\":\"https:\/\/www.safecard.cl\/soporte\/#breadcrumb\"},\"inLanguage\":\"en-US\",\"potentialAction\":[{\"@type\":\"ReadAction\",\"target\":[\"https:\/\/www.safecard.cl\/soporte\/\"]}]},{\"@type\":\"BreadcrumbList\",\"@id\":\"https:\/\/www.safecard.cl\/soporte\/#breadcrumb\",\"itemListElement\":[{\"@type\":\"ListItem\",\"position\":1,\"name\":\"Portada\",\"item\":\"https:\/\/www.safecard.cl\/\"},{\"@type\":\"ListItem\",\"position\":2,\"name\":\"Soporte\"}]},{\"@type\":\"WebSite\",\"@id\":\"https:\/\/www.safecard.cl\/#website\",\"url\":\"https:\/\/www.safecard.cl\/\",\"name\":\"SAFECARD\",\"description\":\"Gesti\u00f3n Integral de Accesos para Recintos\",\"publisher\":{\"@id\":\"https:\/\/www.safecard.cl\/#organization\"},\"potentialAction\":[{\"@type\":\"SearchAction\",\"target\":{\"@type\":\"EntryPoint\",\"urlTemplate\":\"https:\/\/www.safecard.cl\/?s={search_term_string}\"},\"query-input\":\"required name=search_term_string\"}],\"inLanguage\":\"en-US\"},{\"@type\":\"Organization\",\"@id\":\"https:\/\/www.safecard.cl\/#organization\",\"name\":\"SAFECARD\",\"url\":\"https:\/\/www.safecard.cl\/\",\"logo\":{\"@type\":\"ImageObject\",\"inLanguage\":\"en-US\",\"@id\":\"https:\/\/www.safecard.cl\/#\/schema\/logo\/image\/\",\"url\":\"https:\/\/www.safecard.cl\/wp-content\/uploads\/2024\/01\/Safecard_Logo_blanco.png\",\"contentUrl\":\"https:\/\/www.safecard.cl\/wp-content\/uploads\/2024\/01\/Safecard_Logo_blanco.png\",\"width\":500,\"height\":143,\"caption\":\"SAFECARD\"},\"image\":{\"@id\":\"https:\/\/www.safecard.cl\/#\/schema\/logo\/image\/\"}}]}<\/script>\n<!-- \/ Yoast SEO plugin. -->","yoast_head_json":{"title":"Soporte - SAFECARD","robots":{"index":"index","follow":"follow","max-snippet":"max-snippet:-1","max-image-preview":"max-image-preview:large","max-video-preview":"max-video-preview:-1"},"canonical":"https:\/\/www.safecard.cl\/en\/soporte\/","og_locale":"en_US","og_type":"article","og_title":"Soporte - SAFECARD","og_description":"Estamos aqu\u00ed para ayudarte: Cont\u00e1ctanos Si tienes preguntas o necesitas asistencia, no dudes en contactarnos. Completa el formulario y nuestro equipo de soporte se pondr\u00e1 en contacto contigo lo antes posible. \u00a1Estamos disponibles para resolver todas tus dudas! Para aclarar dudas comunes y aprender m\u00e1s sobre c\u00f3mo utilizar nuestros servicios, visita nuestra secci\u00f3n de Preguntas [&hellip;]","og_url":"https:\/\/www.safecard.cl\/en\/soporte\/","og_site_name":"SAFECARD","article_modified_time":"2025-11-18T13:21:24+00:00","twitter_card":"summary_large_image","twitter_misc":{"Est. reading time":"1 minute"},"schema":{"@context":"https:\/\/schema.org","@graph":[{"@type":"WebPage","@id":"https:\/\/www.safecard.cl\/soporte\/","url":"https:\/\/www.safecard.cl\/soporte\/","name":"Soporte - SAFECARD","isPartOf":{"@id":"https:\/\/www.safecard.cl\/#website"},"datePublished":"2024-03-15T09:57:18+00:00","dateModified":"2025-11-18T13:21:24+00:00","breadcrumb":{"@id":"https:\/\/www.safecard.cl\/soporte\/#breadcrumb"},"inLanguage":"en-US","potentialAction":[{"@type":"ReadAction","target":["https:\/\/www.safecard.cl\/soporte\/"]}]},{"@type":"BreadcrumbList","@id":"https:\/\/www.safecard.cl\/soporte\/#breadcrumb","itemListElement":[{"@type":"ListItem","position":1,"name":"Portada","item":"https:\/\/www.safecard.cl\/"},{"@type":"ListItem","position":2,"name":"Soporte"}]},{"@type":"WebSite","@id":"https:\/\/www.safecard.cl\/#website","url":"https:\/\/www.safecard.cl\/","name":"SAFECARD","description":"Gesti\u00f3n Integral de Accesos para Recintos","publisher":{"@id":"https:\/\/www.safecard.cl\/#organization"},"potentialAction":[{"@type":"SearchAction","target":{"@type":"EntryPoint","urlTemplate":"https:\/\/www.safecard.cl\/?s={search_term_string}"},"query-input":"required name=search_term_string"}],"inLanguage":"en-US"},{"@type":"Organization","@id":"https:\/\/www.safecard.cl\/#organization","name":"SAFECARD","url":"https:\/\/www.safecard.cl\/","logo":{"@type":"ImageObject","inLanguage":"en-US","@id":"https:\/\/www.safecard.cl\/#\/schema\/logo\/image\/","url":"https:\/\/www.safecard.cl\/wp-content\/uploads\/2024\/01\/Safecard_Logo_blanco.png","contentUrl":"https:\/\/www.safecard.cl\/wp-content\/uploads\/2024\/01\/Safecard_Logo_blanco.png","width":500,"height":143,"caption":"SAFECARD"},"image":{"@id":"https:\/\/www.safecard.cl\/#\/schema\/logo\/image\/"}}]}},"_links":{"self":[{"href":"https:\/\/www.safecard.cl\/en\/wp-json\/wp\/v2\/pages\/592"}],"collection":[{"href":"https:\/\/www.safecard.cl\/en\/wp-json\/wp\/v2\/pages"}],"about":[{"href":"https:\/\/www.safecard.cl\/en\/wp-json\/wp\/v2\/types\/page"}],"author":[{"embeddable":true,"href":"https:\/\/www.safecard.cl\/en\/wp-json\/wp\/v2\/users\/1"}],"replies":[{"embeddable":true,"href":"https:\/\/www.safecard.cl\/en\/wp-json\/wp\/v2\/comments?post=592"}],"version-history":[{"count":34,"href":"https:\/\/www.safecard.cl\/en\/wp-json\/wp\/v2\/pages\/592\/revisions"}],"predecessor-version":[{"id":1897,"href":"https:\/\/www.safecard.cl\/en\/wp-json\/wp\/v2\/pages\/592\/revisions\/1897"}],"wp:attachment":[{"href":"https:\/\/www.safecard.cl\/en\/wp-json\/wp\/v2\/media?parent=592"}],"curies":[{"name":"wp","href":"https:\/\/api.w.org\/{rel}","templated":true}]}}